{"id":17153,"date":"2022-08-01T13:52:35","date_gmt":"2022-08-01T13:52:35","guid":{"rendered":"https:\/\/easydevelop.eu\/news\/"},"modified":"2025-05-26T10:01:44","modified_gmt":"2025-05-26T10:01:44","slug":"neuigkeiten","status":"publish","type":"page","link":"https:\/\/egliag.com\/de\/neuigkeiten\/","title":{"rendered":"Neuigkeiten"},"content":{"rendered":"\t\t<div data-elementor-type=\"wp-page\" data-elementor-id=\"17153\" class=\"elementor elementor-17153 elementor-474\">\n\t\t\t\t\t\t<section class=\"elementor-section elementor-top-section elementor-element elementor-element-baf1f34 elementor-section-boxed elementor-section-height-default elementor-section-height-default\" data-id=\"baf1f34\" data-element_type=\"section\">\n\t\t\t\t\t\t<div class=\"elementor-container elementor-column-gap-default\">\n\t\t\t\t\t<div class=\"elementor-column elementor-col-100 elementor-top-column elementor-element elementor-element-a2e00ca\" data-id=\"a2e00ca\" data-element_type=\"column\">\n\t\t\t<div class=\"elementor-widget-wrap elementor-element-populated\">\n\t\t\t\t\t\t<div class=\"elementor-element elementor-element-00ec5a3 elementor-widget elementor-widget-industrium_blog_listing\" data-id=\"00ec5a3\" data-element_type=\"widget\" data-widget_type=\"industrium_blog_listing.default\">\n\t\t\t\t<div class=\"elementor-widget-container\">\n\t\t\t\t\t\n        <div class=\"archive-listing\" data-ajax='{&quot;post_type&quot;:&quot;post&quot;,&quot;posts_per_page&quot;:4,&quot;orderby&quot;:&quot;date&quot;,&quot;order&quot;:&quot;desc&quot;,&quot;paged&quot;:1,&quot;category_name&quot;:&quot;&quot;,&quot;tag&quot;:&quot;&quot;,&quot;post__in&quot;:&quot;&quot;,&quot;ignore_sticky_posts&quot;:false,&quot;link_base&quot;:&quot;https:\\\/\\\/egliag.com\\\/de\\\/wp-json\\\/wp\\\/v2\\\/pages\\\/17153\\\/&quot;}' data-widget='{&quot;excerpt_length&quot;:319,&quot;show_cat&quot;:&quot;yes&quot;,&quot;show_media&quot;:&quot;yes&quot;,&quot;show_author&quot;:&quot;&quot;,&quot;show_date&quot;:&quot;yes&quot;,&quot;show_title&quot;:&quot;yes&quot;,&quot;show_tags&quot;:&quot;&quot;,&quot;show_excerpt&quot;:&quot;yes&quot;,&quot;show_read_more&quot;:&quot;yes&quot;,&quot;read_more_text&quot;:&quot;Explore More&quot;,&quot;item_class&quot;:&quot;post standard-blog-item-wrapper&quot;,&quot;columns_number&quot;:1,&quot;listing_type&quot;:&quot;classic&quot;}'>\n            <div class=\"archive-listing-wrapper\">\n                \n<div class=\"standard-blog-item-wrapper post post-17334 type-post status-publish format-standard has-post-thumbnail hentry category-artikel\">\n    <div class=\"blog-item\">\n        <div class=\"post-media-wrapper\"><a href=\"https:\/\/egliag.com\/de\/probleme-mit-anlagen-zur-fettverarbeitung\/\"><picture><source media=\"(max-width: 575px)\" sizes=\"(max-width: 535px) 535px\" srcset=\"https:\/\/egliag.com\/wp-content\/uploads\/2025\/05\/fatproducts-1-535x280.jpg 535w\"><source media=\"(max-width: 991px)\" sizes=\"(max-width: 951px) 951px\" srcset=\"https:\/\/egliag.com\/wp-content\/uploads\/2025\/05\/fatproducts-1-951x497.jpg 951w\"><img decoding=\"async\" alt=\"Probleme mit Anlagen zur Fettverarbeitung\" title=\"fatproducts\" src=\"https:\/\/egliag.com\/wp-content\/uploads\/2025\/05\/fatproducts-1-1340x701.jpg\" class=\"attachment-post-thumbnail size-post-thumbnail wp-post-image\" \/><\/picture><\/a><\/div><div class=\"post-meta-header\"><div class=\"post-meta-item post-meta-item-date\"><a href=\"https:\/\/egliag.com\/de\/2025\/05\/27\/\"><span class=\"post-meta-item-day\">27<\/span><span class=\"post-meta-item-month-year\">Mai 2025<\/span><\/a><\/div><\/div><div class=\"post-labels\"><div class=\"post-categories\"><a class=\"post-category-item\" href=\"https:\/\/egliag.com\/de\/category\/artikel\/\">Artikel<\/a><\/div><\/div><h2 class=\"post-title\"><a href=\"https:\/\/egliag.com\/de\/probleme-mit-anlagen-zur-fettverarbeitung\/\">Top Probleme mit Anlagen zur Fettverarbeitung und praktische L\u00f6sungen<\/a><\/h2><div class=\"post-content\">Probleme mit Anlagen zur Fettverarbeitung geh\u00f6ren zu den h\u00e4ufigsten und kostspieligsten Herausforderungen f\u00fcr moderne Lebensmittelhersteller, insbesondere bei der Produktion von Butter, Margarine und Streichfetten. Diese Probleme k\u00f6nnen zu Ineffizienzen, geringerer Produktqualit\u00e4t, erh\u00f6hten Betriebskosten und so<\/div><div class=\"post-more-button\"><a href=\"https:\/\/egliag.com\/de\/probleme-mit-anlagen-zur-fettverarbeitung\/\" class=\"industrium-button\">Explore More<svg viewBox=\"0 0 13 20\"><polyline points=\"0.5 19.5 3 19.5 12.5 10 3 0.5\" \/><\/svg><\/a><\/div>    <\/div>\n<\/div>\n<div class=\"standard-blog-item-wrapper post post-17121 type-post status-publish format-standard has-post-thumbnail hentry category-artikel\">\n    <div class=\"blog-item\">\n        <div class=\"post-media-wrapper\"><a href=\"https:\/\/egliag.com\/de\/modernisierung-der-margarine-produktionslinie\/\"><picture><source media=\"(max-width: 575px)\" sizes=\"(max-width: 535px) 535px\" srcset=\"https:\/\/egliag.com\/wp-content\/uploads\/2025\/05\/modernisation-1-535x280.jpg 535w\"><source media=\"(max-width: 991px)\" sizes=\"(max-width: 951px) 951px\" srcset=\"https:\/\/egliag.com\/wp-content\/uploads\/2025\/05\/modernisation-1-951x497.jpg 951w\"><img decoding=\"async\" alt=\"Modernisierung der Margarine-Produktionslinie\" title=\"modernisation\" src=\"https:\/\/egliag.com\/wp-content\/uploads\/2025\/05\/modernisation-1-1340x701.jpg\" class=\"attachment-post-thumbnail size-post-thumbnail wp-post-image\" \/><\/picture><\/a><\/div><div class=\"post-meta-header\"><div class=\"post-meta-item post-meta-item-date\"><a href=\"https:\/\/egliag.com\/de\/2025\/05\/26\/\"><span class=\"post-meta-item-day\">26<\/span><span class=\"post-meta-item-month-year\">Mai 2025<\/span><\/a><\/div><\/div><div class=\"post-labels\"><div class=\"post-categories\"><a class=\"post-category-item\" href=\"https:\/\/egliag.com\/de\/category\/artikel\/\">Artikel<\/a><\/div><\/div><h2 class=\"post-title\"><a href=\"https:\/\/egliag.com\/de\/modernisierung-der-margarine-produktionslinie\/\">Modernisierung der Margarine-Produktionslinie im Jahr 2025<\/a><\/h2><div class=\"post-content\">Die Modernisierung der Margarine-Produktionslinie ist im Jahr 2025 unvermeidlich. Der globale Markt ver\u00e4ndert sich schnell: Verbraucher suchen ges\u00fcndere Alternativen, neue gesetzliche Anforderungen werden eingef\u00fchrt, und Nachhaltigkeit ist nicht mehr nur ein Trend, sondern eine Voraussetzung. Wer jetzt nicht modern<\/div><div class=\"post-more-button\"><a href=\"https:\/\/egliag.com\/de\/modernisierung-der-margarine-produktionslinie\/\" class=\"industrium-button\">Explore More<svg viewBox=\"0 0 13 20\"><polyline points=\"0.5 19.5 3 19.5 12.5 10 3 0.5\" \/><\/svg><\/a><\/div>    <\/div>\n<\/div>\n<div class=\"standard-blog-item-wrapper post post-17132 type-post status-publish format-standard has-post-thumbnail hentry category-artikel\">\n    <div class=\"blog-item\">\n        <div class=\"post-media-wrapper\"><a href=\"https:\/\/egliag.com\/de\/djazagro\/\"><picture><source media=\"(max-width: 575px)\" sizes=\"(max-width: 535px) 535px\" srcset=\"https:\/\/egliag.com\/wp-content\/uploads\/2025\/05\/djazagro-350x280.jpg 535w\"><source media=\"(max-width: 991px)\" sizes=\"(max-width: 951px) 951px\" srcset=\"https:\/\/egliag.com\/wp-content\/uploads\/2025\/05\/djazagro.jpg 951w\"><img decoding=\"async\" alt=\"DJAZAGRO\" title=\"djazagro\" src=\"https:\/\/egliag.com\/wp-content\/uploads\/2025\/05\/djazagro.jpg\" class=\"attachment-post-thumbnail size-post-thumbnail wp-post-image\" \/><\/picture><\/a><\/div><div class=\"post-meta-header\"><div class=\"post-meta-item post-meta-item-date\"><a href=\"https:\/\/egliag.com\/de\/2025\/01\/06\/\"><span class=\"post-meta-item-day\">06<\/span><span class=\"post-meta-item-month-year\">Januar 2025<\/span><\/a><\/div><\/div><div class=\"post-labels\"><div class=\"post-categories\"><a class=\"post-category-item\" href=\"https:\/\/egliag.com\/de\/category\/artikel\/\">Artikel<\/a><\/div><\/div><h2 class=\"post-title\"><a href=\"https:\/\/egliag.com\/de\/djazagro\/\">DJAZAGRO<\/a><\/h2><div class=\"post-content\">Der Name der Ausstellung setzt sich aus &#8222;Djaza\u00efr&#8220;, dem algerisch-arabischen Namen f\u00fcr Algerien, und &#8222;Agro&#8220; zusammen, das f\u00fcr den Agrar- und Lebensmittelsektor steht. Seit ihrer Gr\u00fcndung ist der Ruf von Djazagro weiter gewachsen, und die Messe verzeichnet Jahr f\u00fcr Jahr einen...<\/div><div class=\"post-more-button\"><a href=\"https:\/\/egliag.com\/de\/djazagro\/\" class=\"industrium-button\">Explore More<svg viewBox=\"0 0 13 20\"><polyline points=\"0.5 19.5 3 19.5 12.5 10 3 0.5\" \/><\/svg><\/a><\/div>    <\/div>\n<\/div>\n<div class=\"standard-blog-item-wrapper post post-17138 type-post status-publish format-standard has-post-thumbnail hentry category-neuigkeiten\">\n    <div class=\"blog-item\">\n        <div class=\"post-media-wrapper\"><a href=\"https:\/\/egliag.com\/de\/china-int-dairy\/\"><picture><source media=\"(max-width: 575px)\" sizes=\"(max-width: 535px) 535px\" srcset=\"https:\/\/egliag.com\/wp-content\/uploads\/2025\/05\/dairy-international-industries-289x280.jpg 535w\"><source media=\"(max-width: 991px)\" sizes=\"(max-width: 951px) 951px\" srcset=\"https:\/\/egliag.com\/wp-content\/uploads\/2025\/05\/dairy-international-industries.jpg 951w\"><img decoding=\"async\" alt=\"CHINA INT. DAIRY\" title=\"dairy-international-industries\" src=\"https:\/\/egliag.com\/wp-content\/uploads\/2025\/05\/dairy-international-industries.jpg\" class=\"attachment-post-thumbnail size-post-thumbnail wp-post-image\" \/><\/picture><\/a><\/div><div class=\"post-meta-header\"><div class=\"post-meta-item post-meta-item-date\"><a href=\"https:\/\/egliag.com\/de\/2025\/01\/05\/\"><span class=\"post-meta-item-day\">05<\/span><span class=\"post-meta-item-month-year\">Januar 2025<\/span><\/a><\/div><\/div><div class=\"post-labels\"><div class=\"post-categories\"><a class=\"post-category-item\" href=\"https:\/\/egliag.com\/de\/category\/neuigkeiten\/\">Neuigkeiten<\/a><\/div><\/div><h2 class=\"post-title\"><a href=\"https:\/\/egliag.com\/de\/china-int-dairy\/\">CHINA INT. DAIRY<\/a><\/h2><div class=\"post-content\">Messetermin\u00a010. bis 11. April 2025, ICADS 2025, Chengdu, China ICADS 2025: 19. Internationale Konferenz f\u00fcr Tier- und Milchwissenschaften Ziele der Internationalen Forschungskonferenz Die Internationale Forschungskonferenz ist eine f\u00f6derative Organisation, die es sich zur Aufgabe gemacht hat, eine betr\u00e4chtliche An<\/div><div class=\"post-more-button\"><a href=\"https:\/\/egliag.com\/de\/china-int-dairy\/\" class=\"industrium-button\">Explore More<svg viewBox=\"0 0 13 20\"><polyline points=\"0.5 19.5 3 19.5 12.5 10 3 0.5\" \/><\/svg><\/a><\/div>    <\/div>\n<\/div>            <\/div>\n\n            <div class=\"content-pagination\"><nav class=\"navigation pagination\"><h2 class=\"screen-reader-text\">Pagination<\/h2><div class=\"nav-links\"><span aria-current=\"page\" class=\"page-numbers current\">1<\/span>\n<a class=\"page-numbers\" href=\"https:\/\/egliag.com\/de\/wp-json\/wp\/v2\/pages\/17153\/?00ec5a3-paged=2\">2<\/a>\n<a class=\"next page-numbers\" href=\"https:\/\/egliag.com\/de\/wp-json\/wp\/v2\/pages\/17153\/?00ec5a3-paged=2\"><div class=\"button-icon\"><\/div><\/a><\/div><\/nav><\/div>        <\/div>\n        \t\t\t\t<\/div>\n\t\t\t\t<\/div>\n\t\t\t\t\t<\/div>\n\t\t<\/div>\n\t\t\t\t\t<\/div>\n\t\t<\/section>\n\t\t\t\t<\/div>\n\t\t","protected":false},"excerpt":{"rendered":"","protected":false},"author":1,"featured_media":0,"parent":0,"menu_order":0,"comment_status":"closed","ping_status":"closed","template":"","meta":{"footnotes":""},"class_list":["post-17153","page","type-page","status-publish","hentry"],"yoast_head":"<!-- This site is optimized with the Yoast SEO plugin v26.8 - https:\/\/yoast.com\/product\/yoast-seo-wordpress\/ -->\n<title>Neuigkeiten -<\/title>\n<meta name=\"robots\" content=\"index, follow, max-snippet:-1, max-image-preview:large, max-video-preview:-1\" \/>\n<link rel=\"canonical\" href=\"https:\/\/egliag.com\/de\/neuigkeiten\/\" \/>\n<meta property=\"og:locale\" content=\"de_DE\" \/>\n<meta property=\"og:type\" content=\"article\" \/>\n<meta property=\"og:title\" content=\"Neuigkeiten -\" \/>\n<meta property=\"og:url\" content=\"https:\/\/egliag.com\/de\/neuigkeiten\/\" \/>\n<meta property=\"article:modified_time\" content=\"2025-05-26T10:01:44+00:00\" \/>\n<meta name=\"twitter:card\" content=\"summary_large_image\" \/>\n<script type=\"application\/ld+json\" class=\"yoast-schema-graph\">{\"@context\":\"https:\/\/schema.org\",\"@graph\":[{\"@type\":\"WebPage\",\"@id\":\"https:\/\/egliag.com\/de\/neuigkeiten\/\",\"url\":\"https:\/\/egliag.com\/de\/neuigkeiten\/\",\"name\":\"Neuigkeiten -\",\"isPartOf\":{\"@id\":\"https:\/\/egliag.com\/de\/#website\"},\"datePublished\":\"2022-08-01T13:52:35+00:00\",\"dateModified\":\"2025-05-26T10:01:44+00:00\",\"breadcrumb\":{\"@id\":\"https:\/\/egliag.com\/de\/neuigkeiten\/#breadcrumb\"},\"inLanguage\":\"de\",\"potentialAction\":[{\"@type\":\"ReadAction\",\"target\":[\"https:\/\/egliag.com\/de\/neuigkeiten\/\"]}]},{\"@type\":\"BreadcrumbList\",\"@id\":\"https:\/\/egliag.com\/de\/neuigkeiten\/#breadcrumb\",\"itemListElement\":[{\"@type\":\"ListItem\",\"position\":1,\"name\":\"Home\",\"item\":\"https:\/\/egliag.com\/de\/\"},{\"@type\":\"ListItem\",\"position\":2,\"name\":\"Neuigkeiten\"}]},{\"@type\":\"WebSite\",\"@id\":\"https:\/\/egliag.com\/de\/#website\",\"url\":\"https:\/\/egliag.com\/de\/\",\"name\":\"\",\"description\":\"\",\"potentialAction\":[{\"@type\":\"SearchAction\",\"target\":{\"@type\":\"EntryPoint\",\"urlTemplate\":\"https:\/\/egliag.com\/de\/?s={search_term_string}\"},\"query-input\":{\"@type\":\"PropertyValueSpecification\",\"valueRequired\":true,\"valueName\":\"search_term_string\"}}],\"inLanguage\":\"de\"}]}<\/script>\n<!-- \/ Yoast SEO plugin. -->","yoast_head_json":{"title":"Neuigkeiten -","robots":{"index":"index","follow":"follow","max-snippet":"max-snippet:-1","max-image-preview":"max-image-preview:large","max-video-preview":"max-video-preview:-1"},"canonical":"https:\/\/egliag.com\/de\/neuigkeiten\/","og_locale":"de_DE","og_type":"article","og_title":"Neuigkeiten -","og_url":"https:\/\/egliag.com\/de\/neuigkeiten\/","article_modified_time":"2025-05-26T10:01:44+00:00","twitter_card":"summary_large_image","schema":{"@context":"https:\/\/schema.org","@graph":[{"@type":"WebPage","@id":"https:\/\/egliag.com\/de\/neuigkeiten\/","url":"https:\/\/egliag.com\/de\/neuigkeiten\/","name":"Neuigkeiten -","isPartOf":{"@id":"https:\/\/egliag.com\/de\/#website"},"datePublished":"2022-08-01T13:52:35+00:00","dateModified":"2025-05-26T10:01:44+00:00","breadcrumb":{"@id":"https:\/\/egliag.com\/de\/neuigkeiten\/#breadcrumb"},"inLanguage":"de","potentialAction":[{"@type":"ReadAction","target":["https:\/\/egliag.com\/de\/neuigkeiten\/"]}]},{"@type":"BreadcrumbList","@id":"https:\/\/egliag.com\/de\/neuigkeiten\/#breadcrumb","itemListElement":[{"@type":"ListItem","position":1,"name":"Home","item":"https:\/\/egliag.com\/de\/"},{"@type":"ListItem","position":2,"name":"Neuigkeiten"}]},{"@type":"WebSite","@id":"https:\/\/egliag.com\/de\/#website","url":"https:\/\/egliag.com\/de\/","name":"","description":"","potentialAction":[{"@type":"SearchAction","target":{"@type":"EntryPoint","urlTemplate":"https:\/\/egliag.com\/de\/?s={search_term_string}"},"query-input":{"@type":"PropertyValueSpecification","valueRequired":true,"valueName":"search_term_string"}}],"inLanguage":"de"}]}},"_links":{"self":[{"href":"https:\/\/egliag.com\/de\/wp-json\/wp\/v2\/pages\/17153","targetHints":{"allow":["GET"]}}],"collection":[{"href":"https:\/\/egliag.com\/de\/wp-json\/wp\/v2\/pages"}],"about":[{"href":"https:\/\/egliag.com\/de\/wp-json\/wp\/v2\/types\/page"}],"author":[{"embeddable":true,"href":"https:\/\/egliag.com\/de\/wp-json\/wp\/v2\/users\/1"}],"replies":[{"embeddable":true,"href":"https:\/\/egliag.com\/de\/wp-json\/wp\/v2\/comments?post=17153"}],"version-history":[{"count":1,"href":"https:\/\/egliag.com\/de\/wp-json\/wp\/v2\/pages\/17153\/revisions"}],"predecessor-version":[{"id":17154,"href":"https:\/\/egliag.com\/de\/wp-json\/wp\/v2\/pages\/17153\/revisions\/17154"}],"wp:attachment":[{"href":"https:\/\/egliag.com\/de\/wp-json\/wp\/v2\/media?parent=17153"}],"curies":[{"name":"wp","href":"https:\/\/api.w.org\/{rel}","templated":true}]}}