{"id":16988,"date":"2022-09-14T16:33:24","date_gmt":"2022-09-14T16:33:24","guid":{"rendered":"https:\/\/easydevelop.eu\/impressions\/"},"modified":"2026-01-20T13:14:08","modified_gmt":"2026-01-20T13:14:08","slug":"impressionen","status":"publish","type":"page","link":"https:\/\/egliag.com\/de\/impressionen\/","title":{"rendered":"Impressionen"},"content":{"rendered":"\t\t<div data-elementor-type=\"wp-page\" data-elementor-id=\"16988\" class=\"elementor elementor-16988 elementor-6606\">\n\t\t\t\t\t\t<section class=\"elementor-section elementor-top-section elementor-element elementor-element-abe5ab5 elementor-section-boxed elementor-section-height-default elementor-section-height-default\" data-id=\"abe5ab5\" data-element_type=\"section\">\n\t\t\t\t\t\t<div class=\"elementor-container elementor-column-gap-default\">\n\t\t\t\t\t<div class=\"elementor-column elementor-col-100 elementor-top-column elementor-element elementor-element-40d5f46\" data-id=\"40d5f46\" data-element_type=\"column\">\n\t\t\t<div class=\"elementor-widget-wrap elementor-element-populated\">\n\t\t\t\t\t\t<div class=\"elementor-element elementor-element-99896a3 elementor-widget elementor-widget-text-editor\" data-id=\"99896a3\" data-element_type=\"widget\" data-widget_type=\"text-editor.default\">\n\t\t\t\t<div class=\"elementor-widget-container\">\n\t\t\t\t\t\t\t\t\t<p>Egli ist der weltweite Spezialist und Technologiepartner f\u00fcr komplette Anlagen zur Butter- und Margarineherstellung. Unsere Kunden sind vorwiegend Industrieunternehmen in der Lebensmittelverarbeitung.<br \/>Werfen Sie einen Blick hinter die Kulissen und erfahren Sie mehr \u00fcber unsere Grunds\u00e4tze, Arbeitsschritte und Abteilungen.<\/p>\t\t\t\t\t\t\t\t<\/div>\n\t\t\t\t<\/div>\n\t\t\t\t<div class=\"elementor-element elementor-element-4aa9f56 elementor-widget elementor-widget-accordion\" data-id=\"4aa9f56\" data-element_type=\"widget\" data-widget_type=\"accordion.default\">\n\t\t\t\t<div class=\"elementor-widget-container\">\n\t\t\t\t\t\t\t<div class=\"elementor-accordion\">\n\t\t\t\t\t\t\t<div class=\"elementor-accordion-item\">\n\t\t\t\t\t<div id=\"elementor-tab-title-7821\" class=\"elementor-tab-title\" data-tab=\"1\" role=\"button\" aria-controls=\"elementor-tab-content-7821\" aria-expanded=\"false\">\n\t\t\t\t\t\t\t\t\t\t\t\t\t<span class=\"elementor-accordion-icon elementor-accordion-icon-right\" aria-hidden=\"true\">\n\t\t\t\t\t\t\t\t\t\t\t\t\t\t\t<span class=\"elementor-accordion-icon-closed\"><svg xmlns=\"http:\/\/www.w3.org\/2000\/svg\" xmlns:xlink=\"http:\/\/www.w3.org\/1999\/xlink\" viewBox=\"0 0 16 16\"><path d=\"M14.374,15.999 L5.562,15.999 L5.562,14.374 L13.238,14.374 L0.0,1.135 L1.137,0.1 L14.374,13.236 L14.374,5.562 L15.999,5.562 L15.999,14.374 L15.999,15.999 L14.374,15.999 Z\"><\/path><\/svg><\/span>\n\t\t\t\t\t\t\t\t<span class=\"elementor-accordion-icon-opened\"><svg xmlns=\"http:\/\/www.w3.org\/2000\/svg\" viewBox=\"0 0 38.2 25.9\"><path d=\"m 38.2,12.9 v 0 L 25.3,0 l -2,2 9.5,9.5 H 0 v 2.9 h 32.8 l -9.5,9.5 2,2 10.9,-11 v 0 l 1.6,-1.5 z\"><\/path><\/svg><\/span>\n\t\t\t\t\t\t\t\t\t\t\t\t\t\t<\/span>\n\t\t\t\t\t\t\t\t\t\t\t\t<a class=\"elementor-accordion-title\" tabindex=\"0\">Zusammenarbeit & Qualit\u00e4t<\/a>\n\t\t\t\t\t<\/div>\n\t\t\t\t\t<div id=\"elementor-tab-content-7821\" class=\"elementor-tab-content elementor-clearfix\" data-tab=\"1\" role=\"region\" aria-labelledby=\"elementor-tab-title-7821\"><p>Gemeinsam und in enger Zusammenarbeit mit allen Wissenstr\u00e4ger werden die kundenspezifischen Anlagen von der Firma Egli AG entwickelt, produziert und beim Kunden in Betrieb genommen. Als lernende Organisation nutzen wir die Kompetenzen unserer Mitarbeiter, um die Kundenbed\u00fcrfnisse schrittweise noch besser abzudecken.\u00a0<\/p><p>\u00a0<\/p><\/div>\n\t\t\t\t<\/div>\n\t\t\t\t\t\t\t<div class=\"elementor-accordion-item\">\n\t\t\t\t\t<div id=\"elementor-tab-title-7822\" class=\"elementor-tab-title\" data-tab=\"2\" role=\"button\" aria-controls=\"elementor-tab-content-7822\" aria-expanded=\"false\">\n\t\t\t\t\t\t\t\t\t\t\t\t\t<span class=\"elementor-accordion-icon elementor-accordion-icon-right\" aria-hidden=\"true\">\n\t\t\t\t\t\t\t\t\t\t\t\t\t\t\t<span class=\"elementor-accordion-icon-closed\"><svg xmlns=\"http:\/\/www.w3.org\/2000\/svg\" xmlns:xlink=\"http:\/\/www.w3.org\/1999\/xlink\" viewBox=\"0 0 16 16\"><path d=\"M14.374,15.999 L5.562,15.999 L5.562,14.374 L13.238,14.374 L0.0,1.135 L1.137,0.1 L14.374,13.236 L14.374,5.562 L15.999,5.562 L15.999,14.374 L15.999,15.999 L14.374,15.999 Z\"><\/path><\/svg><\/span>\n\t\t\t\t\t\t\t\t<span class=\"elementor-accordion-icon-opened\"><svg xmlns=\"http:\/\/www.w3.org\/2000\/svg\" viewBox=\"0 0 38.2 25.9\"><path d=\"m 38.2,12.9 v 0 L 25.3,0 l -2,2 9.5,9.5 H 0 v 2.9 h 32.8 l -9.5,9.5 2,2 10.9,-11 v 0 l 1.6,-1.5 z\"><\/path><\/svg><\/span>\n\t\t\t\t\t\t\t\t\t\t\t\t\t\t<\/span>\n\t\t\t\t\t\t\t\t\t\t\t\t<a class=\"elementor-accordion-title\" tabindex=\"0\">Produktumfang<\/a>\n\t\t\t\t\t<\/div>\n\t\t\t\t\t<div id=\"elementor-tab-content-7822\" class=\"elementor-tab-content elementor-clearfix\" data-tab=\"2\" role=\"region\" aria-labelledby=\"elementor-tab-title-7822\"><div class=\"body\"><p>Bei uns wird von Klein bis Gross alles bearbeitet. So k\u00f6nnen wir alles Just in Time in unsere Montage liefern, was f\u00fcr uns sehr entscheiden ist.<\/p><div class=\"bulletpoints\"><div class=\"bulletpoint_entry\"><div class=\"check_icon\">Es sind fast alles Einzelteile und dann noch aus CrNi Material.<\/div><div>\u00a0<\/div><\/div><\/div><\/div><figure><\/figure><\/div>\n\t\t\t\t<\/div>\n\t\t\t\t\t\t\t<div class=\"elementor-accordion-item\">\n\t\t\t\t\t<div id=\"elementor-tab-title-7823\" class=\"elementor-tab-title\" data-tab=\"3\" role=\"button\" aria-controls=\"elementor-tab-content-7823\" aria-expanded=\"false\">\n\t\t\t\t\t\t\t\t\t\t\t\t\t<span class=\"elementor-accordion-icon elementor-accordion-icon-right\" aria-hidden=\"true\">\n\t\t\t\t\t\t\t\t\t\t\t\t\t\t\t<span class=\"elementor-accordion-icon-closed\"><svg xmlns=\"http:\/\/www.w3.org\/2000\/svg\" xmlns:xlink=\"http:\/\/www.w3.org\/1999\/xlink\" viewBox=\"0 0 16 16\"><path d=\"M14.374,15.999 L5.562,15.999 L5.562,14.374 L13.238,14.374 L0.0,1.135 L1.137,0.1 L14.374,13.236 L14.374,5.562 L15.999,5.562 L15.999,14.374 L15.999,15.999 L14.374,15.999 Z\"><\/path><\/svg><\/span>\n\t\t\t\t\t\t\t\t<span class=\"elementor-accordion-icon-opened\"><svg xmlns=\"http:\/\/www.w3.org\/2000\/svg\" viewBox=\"0 0 38.2 25.9\"><path d=\"m 38.2,12.9 v 0 L 25.3,0 l -2,2 9.5,9.5 H 0 v 2.9 h 32.8 l -9.5,9.5 2,2 10.9,-11 v 0 l 1.6,-1.5 z\"><\/path><\/svg><\/span>\n\t\t\t\t\t\t\t\t\t\t\t\t\t\t<\/span>\n\t\t\t\t\t\t\t\t\t\t\t\t<a class=\"elementor-accordion-title\" tabindex=\"0\">Fertigung und Montage<\/a>\n\t\t\t\t\t<\/div>\n\t\t\t\t\t<div id=\"elementor-tab-content-7823\" class=\"elementor-tab-content elementor-clearfix\" data-tab=\"3\" role=\"region\" aria-labelledby=\"elementor-tab-title-7823\"><p>Da wir bei uns alles im Hause schweissen, bleibt das Know How bei uns, denn bei unseren Komponenten ist vieles Speziell. Uns schreckt nichts ab und wir haben fast immer eine L\u00f6sung.<\/p><p>In der Montage werden die gefertigten Teile aus den verschiedenen Abteilung zusammen gebracht und zu einer Anlage zusammengebaut. Nicht zu vergessen sind die elektrischen Komponenten. Die Schaltschr\u00e4nke werden vorgefertigt und sobald die Montage bereit ist, in der Anlage integriert und komplett verkabelt und zu guter Letzt ausgetestet.<\/p><\/div>\n\t\t\t\t<\/div>\n\t\t\t\t\t\t\t<div class=\"elementor-accordion-item\">\n\t\t\t\t\t<div id=\"elementor-tab-title-7824\" class=\"elementor-tab-title\" data-tab=\"4\" role=\"button\" aria-controls=\"elementor-tab-content-7824\" aria-expanded=\"false\">\n\t\t\t\t\t\t\t\t\t\t\t\t\t<span class=\"elementor-accordion-icon elementor-accordion-icon-right\" aria-hidden=\"true\">\n\t\t\t\t\t\t\t\t\t\t\t\t\t\t\t<span class=\"elementor-accordion-icon-closed\"><svg xmlns=\"http:\/\/www.w3.org\/2000\/svg\" xmlns:xlink=\"http:\/\/www.w3.org\/1999\/xlink\" viewBox=\"0 0 16 16\"><path d=\"M14.374,15.999 L5.562,15.999 L5.562,14.374 L13.238,14.374 L0.0,1.135 L1.137,0.1 L14.374,13.236 L14.374,5.562 L15.999,5.562 L15.999,14.374 L15.999,15.999 L14.374,15.999 Z\"><\/path><\/svg><\/span>\n\t\t\t\t\t\t\t\t<span class=\"elementor-accordion-icon-opened\"><svg xmlns=\"http:\/\/www.w3.org\/2000\/svg\" viewBox=\"0 0 38.2 25.9\"><path d=\"m 38.2,12.9 v 0 L 25.3,0 l -2,2 9.5,9.5 H 0 v 2.9 h 32.8 l -9.5,9.5 2,2 10.9,-11 v 0 l 1.6,-1.5 z\"><\/path><\/svg><\/span>\n\t\t\t\t\t\t\t\t\t\t\t\t\t\t<\/span>\n\t\t\t\t\t\t\t\t\t\t\t\t<a class=\"elementor-accordion-title\" tabindex=\"0\">Abteilung Technik \/ Projektleitung & Konstruktion<\/a>\n\t\t\t\t\t<\/div>\n\t\t\t\t\t<div id=\"elementor-tab-content-7824\" class=\"elementor-tab-content elementor-clearfix\" data-tab=\"4\" role=\"region\" aria-labelledby=\"elementor-tab-title-7824\"><p>In der Abteilung Technik entwickeln die Konstruktion und Projektleitung in enger Zusammenarbeit mit der Produktion innovative L\u00f6sungen. Dadurch entstehen auf den Kunden angepasste Anlagen.<\/p><p>\u00a0<\/p><\/div>\n\t\t\t\t<\/div>\n\t\t\t\t\t\t\t\t<\/div>\n\t\t\t\t\t\t<\/div>\n\t\t\t\t<\/div>\n\t\t\t\t\t<\/div>\n\t\t<\/div>\n\t\t\t\t\t<\/div>\n\t\t<\/section>\n\t\t\t\t<\/div>\n\t\t","protected":false},"excerpt":{"rendered":"<p>Egli ist der weltweite Spezialist und Technologiepartner f\u00fcr komplette Anlagen zur Butter- und Margarineherstellung. Unsere Kunden sind vorwiegend Industrieunternehmen in der Lebensmittelverarbeitung.Werfen Sie einen Blick hinter die Kulissen und erfahren Sie mehr \u00fcber unsere Grunds\u00e4tze, Arbeitsschritte und Abteilungen. Zusammenarbeit &#038; Qualit\u00e4t&#8230;<\/p>\n","protected":false},"author":1,"featured_media":0,"parent":0,"menu_order":0,"comment_status":"closed","ping_status":"closed","template":"","meta":{"footnotes":""},"class_list":["post-16988","page","type-page","status-publish","hentry"],"yoast_head":"<!-- This site is optimized with the Yoast SEO plugin v26.8 - https:\/\/yoast.com\/product\/yoast-seo-wordpress\/ -->\n<title>Impressionen -<\/title>\n<meta name=\"robots\" content=\"index, follow, max-snippet:-1, max-image-preview:large, max-video-preview:-1\" \/>\n<link rel=\"canonical\" href=\"https:\/\/egliag.com\/de\/impressionen\/\" \/>\n<meta property=\"og:locale\" content=\"de_DE\" \/>\n<meta property=\"og:type\" content=\"article\" \/>\n<meta property=\"og:title\" content=\"Impressionen -\" \/>\n<meta property=\"og:description\" content=\"Egli ist der weltweite Spezialist und Technologiepartner f\u00fcr komplette Anlagen zur Butter- und Margarineherstellung. Unsere Kunden sind vorwiegend Industrieunternehmen in der Lebensmittelverarbeitung.Werfen Sie einen Blick hinter die Kulissen und erfahren Sie mehr \u00fcber unsere Grunds\u00e4tze, Arbeitsschritte und Abteilungen. Zusammenarbeit &#038; Qualit\u00e4t...\" \/>\n<meta property=\"og:url\" content=\"https:\/\/egliag.com\/de\/impressionen\/\" \/>\n<meta property=\"article:modified_time\" content=\"2026-01-20T13:14:08+00:00\" \/>\n<meta name=\"twitter:card\" content=\"summary_large_image\" \/>\n<meta name=\"twitter:label1\" content=\"Gesch\u00e4tzte Lesezeit\" \/>\n\t<meta name=\"twitter:data1\" content=\"2\u00a0Minuten\" \/>\n<script type=\"application\/ld+json\" class=\"yoast-schema-graph\">{\"@context\":\"https:\/\/schema.org\",\"@graph\":[{\"@type\":\"WebPage\",\"@id\":\"https:\/\/egliag.com\/de\/impressionen\/\",\"url\":\"https:\/\/egliag.com\/de\/impressionen\/\",\"name\":\"Impressionen -\",\"isPartOf\":{\"@id\":\"https:\/\/egliag.com\/de\/#website\"},\"datePublished\":\"2022-09-14T16:33:24+00:00\",\"dateModified\":\"2026-01-20T13:14:08+00:00\",\"breadcrumb\":{\"@id\":\"https:\/\/egliag.com\/de\/impressionen\/#breadcrumb\"},\"inLanguage\":\"de\",\"potentialAction\":[{\"@type\":\"ReadAction\",\"target\":[\"https:\/\/egliag.com\/de\/impressionen\/\"]}]},{\"@type\":\"BreadcrumbList\",\"@id\":\"https:\/\/egliag.com\/de\/impressionen\/#breadcrumb\",\"itemListElement\":[{\"@type\":\"ListItem\",\"position\":1,\"name\":\"Home\",\"item\":\"https:\/\/egliag.com\/de\/\"},{\"@type\":\"ListItem\",\"position\":2,\"name\":\"Impressionen\"}]},{\"@type\":\"WebSite\",\"@id\":\"https:\/\/egliag.com\/de\/#website\",\"url\":\"https:\/\/egliag.com\/de\/\",\"name\":\"\",\"description\":\"\",\"potentialAction\":[{\"@type\":\"SearchAction\",\"target\":{\"@type\":\"EntryPoint\",\"urlTemplate\":\"https:\/\/egliag.com\/de\/?s={search_term_string}\"},\"query-input\":{\"@type\":\"PropertyValueSpecification\",\"valueRequired\":true,\"valueName\":\"search_term_string\"}}],\"inLanguage\":\"de\"}]}<\/script>\n<!-- \/ Yoast SEO plugin. -->","yoast_head_json":{"title":"Impressionen -","robots":{"index":"index","follow":"follow","max-snippet":"max-snippet:-1","max-image-preview":"max-image-preview:large","max-video-preview":"max-video-preview:-1"},"canonical":"https:\/\/egliag.com\/de\/impressionen\/","og_locale":"de_DE","og_type":"article","og_title":"Impressionen -","og_description":"Egli ist der weltweite Spezialist und Technologiepartner f\u00fcr komplette Anlagen zur Butter- und Margarineherstellung. Unsere Kunden sind vorwiegend Industrieunternehmen in der Lebensmittelverarbeitung.Werfen Sie einen Blick hinter die Kulissen und erfahren Sie mehr \u00fcber unsere Grunds\u00e4tze, Arbeitsschritte und Abteilungen. Zusammenarbeit &#038; Qualit\u00e4t...","og_url":"https:\/\/egliag.com\/de\/impressionen\/","article_modified_time":"2026-01-20T13:14:08+00:00","twitter_card":"summary_large_image","twitter_misc":{"Gesch\u00e4tzte Lesezeit":"2\u00a0Minuten"},"schema":{"@context":"https:\/\/schema.org","@graph":[{"@type":"WebPage","@id":"https:\/\/egliag.com\/de\/impressionen\/","url":"https:\/\/egliag.com\/de\/impressionen\/","name":"Impressionen -","isPartOf":{"@id":"https:\/\/egliag.com\/de\/#website"},"datePublished":"2022-09-14T16:33:24+00:00","dateModified":"2026-01-20T13:14:08+00:00","breadcrumb":{"@id":"https:\/\/egliag.com\/de\/impressionen\/#breadcrumb"},"inLanguage":"de","potentialAction":[{"@type":"ReadAction","target":["https:\/\/egliag.com\/de\/impressionen\/"]}]},{"@type":"BreadcrumbList","@id":"https:\/\/egliag.com\/de\/impressionen\/#breadcrumb","itemListElement":[{"@type":"ListItem","position":1,"name":"Home","item":"https:\/\/egliag.com\/de\/"},{"@type":"ListItem","position":2,"name":"Impressionen"}]},{"@type":"WebSite","@id":"https:\/\/egliag.com\/de\/#website","url":"https:\/\/egliag.com\/de\/","name":"","description":"","potentialAction":[{"@type":"SearchAction","target":{"@type":"EntryPoint","urlTemplate":"https:\/\/egliag.com\/de\/?s={search_term_string}"},"query-input":{"@type":"PropertyValueSpecification","valueRequired":true,"valueName":"search_term_string"}}],"inLanguage":"de"}]}},"_links":{"self":[{"href":"https:\/\/egliag.com\/de\/wp-json\/wp\/v2\/pages\/16988","targetHints":{"allow":["GET"]}}],"collection":[{"href":"https:\/\/egliag.com\/de\/wp-json\/wp\/v2\/pages"}],"about":[{"href":"https:\/\/egliag.com\/de\/wp-json\/wp\/v2\/types\/page"}],"author":[{"embeddable":true,"href":"https:\/\/egliag.com\/de\/wp-json\/wp\/v2\/users\/1"}],"replies":[{"embeddable":true,"href":"https:\/\/egliag.com\/de\/wp-json\/wp\/v2\/comments?post=16988"}],"version-history":[{"count":25,"href":"https:\/\/egliag.com\/de\/wp-json\/wp\/v2\/pages\/16988\/revisions"}],"predecessor-version":[{"id":17817,"href":"https:\/\/egliag.com\/de\/wp-json\/wp\/v2\/pages\/16988\/revisions\/17817"}],"wp:attachment":[{"href":"https:\/\/egliag.com\/de\/wp-json\/wp\/v2\/media?parent=16988"}],"curies":[{"name":"wp","href":"https:\/\/api.w.org\/{rel}","templated":true}]}}